{"id":132,"date":"2014-09-14T20:16:26","date_gmt":"2014-09-14T18:16:26","guid":{"rendered":"http:\/\/www.theaspora.net\/theaspora\/?page_id=132"},"modified":"2025-01-27T12:14:00","modified_gmt":"2025-01-27T10:14:00","slug":"alle-produktionen","status":"publish","type":"page","link":"https:\/\/www.theaspora.net\/?page_id=132","title":{"rendered":"Archiv"},"content":{"rendered":"\n<hr class=\"wp-block-separator has-css-opacity\"\/>\n\n\n\n<p>2024: Lasst uns L\u00fcgen erz\u00e4hlen<br><a href=\"https:\/\/www.theaspora.net\/?rl_gallery=lasst-uns-luegen-erzaehlen-2024\">> Fotos<\/a> <\/p>\n\n\n\n<hr class=\"wp-block-separator has-alpha-channel-opacity\"\/>\n\n\n\n<p>2023: Cash &#8211; und ewig rauschen die Gelder<br><a rel=\"noreferrer noopener\" href=\"https:\/\/youtu.be\/LZs4K2c20zc\" target=\"_blank\">&gt; Video 23. April 2023<\/a> |  <a rel=\"noreferrer noopener\" href=\"https:\/\/youtu.be\/3WCI8ml10iM\" target=\"_blank\">&gt; Video 7. Mai 2023<\/a><\/p>\n\n\n\n<hr class=\"wp-block-separator has-css-opacity\"\/>\n\n\n\n<p>2022: Au\u00dfer Kontrolle<br><a href=\"https:\/\/www.theaspora.net\/?page_id=19#kontrolle\" data-type=\"page\" data-id=\"19\">&gt; Fotos <\/a><\/p>\n\n\n\n<hr class=\"wp-block-separator has-css-opacity\"\/>\n\n\n\n<p>2020: &#8222;H\u00e4uptling Abendwind&#8220; oder &#8222;We Make Gro\u00dflulu Great Again&#8220;<br><a rel=\"noreferrer noopener\" href=\"https:\/\/www.youtube.com\/watch?v=j9lwpFqq3pw&amp;t=2142s\" target=\"_blank\">&gt; Video<\/a> | <a href=\"https:\/\/www.theaspora.net\/?page_id=19#abendwind\" data-type=\"page\" data-id=\"19\">&gt; Fotos<\/a><\/p>\n\n\n\n<hr class=\"wp-block-separator has-css-opacity\"\/>\n\n\n\n<p>2019: &#8222;Geldfieber&#8220;<br><a href=\"https:\/\/www.theaspora.net\/?page_id=19#geldfieber\">&gt; Fotos<\/a><\/p>\n\n\n\n<hr class=\"wp-block-separator has-css-opacity\"\/>\n\n\n\n<p>2018: &#8222;Hier sind Sie richtig!&#8220;<br><a href=\"https:\/\/www.theaspora.net\/?page_id=19#richtig\">&gt; Fotos<\/a><\/p>\n\n\n\n<hr class=\"wp-block-separator has-css-opacity\"\/>\n\n\n\n<p>2017: &#8222;Oscar&#8220;<\/p>\n\n\n\n<hr class=\"wp-block-separator has-css-opacity\"\/>\n\n\n\n<p>2016: &#8222;Die spanische Fliege&#8220;<br><a href=\"https:\/\/www.theaspora.net\/?page_id=19#fliege\">&gt; Fotos<\/a><\/p>\n\n\n\n<hr class=\"wp-block-separator has-css-opacity\"\/>\n\n\n\n<p>2015: &#8222;Mein Freund Harvey&#8220;<br><a href=\"https:\/\/www.theaspora.net\/?page_id=19#harvey\">&gt; Fotos<\/a><\/p>\n\n\n\n<hr class=\"wp-block-separator has-css-opacity\"\/>\n\n\n\n<p>2014: &#8222;Ein Klotz am Bein&#8220; (Georges Feydeau)<br><a href=\"http:\/\/youtu.be\/3f51Z-MSDB0?list=UUV52-iTzwVIIwvcl5g2ilQw\">&gt; Video<\/a>&nbsp;| <a href=\"\/?page_id=19#fotos_klotz\">&gt; Fotos<\/a> | &gt;&nbsp;<a href=\"https:\/\/www.theaspora.net\/theaspora\/wp-content\/uploads\/2014\/09\/220114_ekab_postkarte_final.pdf\">Postkarte als PDF<\/a>&nbsp;| &gt; <a href=\"https:\/\/www.theaspora.net\/theaspora\/wp-content\/uploads\/2014\/09\/ekab_folder_140227_final.pdf\">Folder als PDF<\/a><\/p>\n\n\n\n<hr class=\"wp-block-separator has-css-opacity\"\/>\n\n\n\n<p>2013: &#8222;Pension Sch\u00f6ller&#8220; (Wilhelm Jacoby und Carl Laufs)<br><a title=\"Fotos\" href=\"https:\/\/www.theaspora.net\/theaspora\/?page_id=19#fotos_schoeller\">&gt; Fotos<\/a> | &gt;&nbsp;<a href=\"https:\/\/www.theaspora.net\/theaspora\/wp-content\/uploads\/2014\/09\/121213_schoeller_postkarte_EMAIL.pdf\">Postkarte als PDF<\/a>&nbsp;| &gt;&nbsp;<a href=\"https:\/\/www.theaspora.net\/theaspora\/wp-content\/uploads\/2014\/09\/Schoeller_folder_druck_02_2002.pdf\">Folder als PDF<\/a><\/p>\n\n\n\n<hr class=\"wp-block-separator has-css-opacity\"\/>\n\n\n\n<p>2012: &#8222;Der Talisman&#8220; (Johann Nestroy)<br><a title=\"Fotos\" href=\"https:\/\/www.theaspora.net\/theaspora\/?page_id=19#fotos_talisman\">&gt; Fotos<\/a> | &gt;<a href=\"https:\/\/www.theaspora.net\/theaspora\/wp-content\/uploads\/2014\/09\/talisman_postkarte_komprimiert.pdf\">Postkarte als PDF<\/a>&nbsp;| &gt;&nbsp;<a href=\"https:\/\/www.theaspora.net\/theaspora\/wp-content\/uploads\/2014\/09\/talisman_folder_1702.pdf\">Folder als PDF<\/a><\/p>\n\n\n\n<hr class=\"wp-block-separator has-css-opacity\"\/>\n\n\n\n<p>2011: &#8222;Romulus der Gro\u00dfe&#8220; (Friedrich D\u00fcrrenmatt)<br><a href=\"\/?page_id=19#fotos_romulus\">&gt; Fotos<\/a> | &gt;&nbsp;<a href=\"https:\/\/www.theaspora.net\/theaspora\/wp-content\/uploads\/2014\/09\/romulus_card_komp.pdf\">Postkarte als PDF<\/a>&nbsp;| &gt; <a href=\"https:\/\/www.theaspora.net\/theaspora\/wp-content\/uploads\/2014\/09\/festschrift_theaspora_final.pdf\">Festschrift zum 25-j\u00e4hrigen Theaspora-Jubil\u00e4um als PDF<\/a> | <a title=\"Video\" href=\"https:\/\/www.youtube.com\/watch?v=Zeuha1MonWE\">&gt; Video<\/a><\/p>\n\n\n\n<hr class=\"wp-block-separator has-css-opacity\"\/>\n\n\n\n<p>2010: &#8222;Der eingebildete Kranke&#8220; (Moli\u00e9re)<br><a href=\"\/?page_id=19#fotos_dek\">&gt; Fotos<\/a> | <a href=\"https:\/\/www.theaspora.net\/images\/stories\/dereingebildetekranke_folder_web.pdf\" target=\"_blank\" rel=\"noopener noreferrer\">&gt; Folder als PDF<\/a> | <a href=\"https:\/\/www.youtube.com\/watch?v=y8XrtpxfOvo\">&gt; Video<\/a><\/p>\n\n\n\n<hr class=\"wp-block-separator has-css-opacity\"\/>\n\n\n\n<p>2009 Fasching: &#8222;Was ihr wollt&#8220; (William Shakespeare)<br><a href=\"\/?page_id=19#fotos_wiw\">&gt; Fotos<\/a> | <a href=\"https:\/\/www.theaspora.net\/images\/stories\/wasihrwollt_folder_v4.pdf\" target=\"_blank\" rel=\"noopener noreferrer\">&gt; Folder als PDF<\/a><\/p>\n\n\n\n<hr class=\"wp-block-separator has-css-opacity\"\/>\n\n\n\n<p>2008 Fasching: &#8222;California Suite&#8220; (Neil Simon)<br><a href=\"\/?page_id=19#fotos_cs\">&gt; Fotos<\/a> | <a href=\"https:\/\/www.theaspora.net\/images\/stories\/PDF\/californiasuite_folder_v6.pdf\" target=\"_blank\" rel=\"noopener noreferrer\">&gt; Folder als PDF<\/a><\/p>\n\n\n\n<hr class=\"wp-block-separator has-css-opacity\"\/>\n\n\n\n<p>2007 Fasching: &#8222;Boeing, Boeing&#8220; (Marc Camoletti)<br><a href=\"\/?page_id=19#fotos_bb\">&gt; Fotos<\/a> | <a href=\"https:\/\/www.theaspora.net\/images\/stories\/PDF\/boeing_folder_v34.pdf\" target=\"_blank\" rel=\"noopener noreferrer\">&gt; Folder als PDF<\/a><\/p>\n\n\n\n<hr class=\"wp-block-separator has-css-opacity\"\/>\n\n\n\n<p>2006 Fasching: &#8222;Jerry \u00fcber Bord&#8220; (Stefan Schr\u00f6der)<br><a href=\"\/?page_id=19#fotos_jub\">&gt; Fotos<\/a> | <a href=\"https:\/\/www.theaspora.net\/images\/stories\/PDF\/jerry_folder2.pdf\" target=\"_blank\" rel=\"noopener noreferrer\">&gt; Folder als PDF<\/a><\/p>\n\n\n\n<hr class=\"wp-block-separator has-css-opacity\"\/>\n\n\n\n<p>2005 Fasching: &#8222;Helden&#8220; (George Bernard Shaw)<\/p>\n\n\n\n<hr class=\"wp-block-separator has-css-opacity\"\/>\n\n\n\n<p>2004 Fasching: &#8222;Miles Gloriosus&#8220; (Titus Maccius Plautus)<\/p>\n\n\n\n<hr class=\"wp-block-separator has-css-opacity\"\/>\n\n\n\n<p>2003 Fasching: &#8222;Otello darf nicht platzen&#8220; (Ken Ludwig)<\/p>\n\n\n\n<hr class=\"wp-block-separator has-css-opacity\"\/>\n\n\n\n<p>2002 Herbst: &#8222;Der Kleine Prinz&#8220; (Antoine de Saint-Exupery)<\/p>\n\n\n\n<hr class=\"wp-block-separator has-css-opacity\"\/>\n\n\n\n<p>2002 Fasching: &#8222;Sch\u00f6ne Bescherungen&#8220; (Alan Ayckbourne)<\/p>\n\n\n\n<hr class=\"wp-block-separator has-css-opacity\"\/>\n\n\n\n<p>2001 Sommer: &#8222;Jerry ist tot&#8220; (Stefan Schr\u00f6der)<\/p>\n\n\n\n<hr class=\"wp-block-separator has-css-opacity\"\/>\n\n\n\n<p>2001 Fasching: &#8222;Das M\u00e4dl aus der Vorstadt&#8220; (Johann Nestroy)<\/p>\n\n\n\n<hr class=\"wp-block-separator has-css-opacity\"\/>\n\n\n\n<p>2000 Fasching: &#8222;Bunbury&#8220; (Oscar Wilde)<\/p>\n\n\n\n<hr class=\"wp-block-separator has-css-opacity\"\/>\n\n\n\n<p>1999 Fasching: &#8222;Der Diener zweier Herren&#8220; (Carlo Goldoni)<\/p>\n\n\n\n<hr class=\"wp-block-separator has-css-opacity\"\/>\n\n\n\n<p>1998 Fasching: &#8222;Vorsicht, Trinkwasser&#8220; (Woody Allen)<\/p>\n\n\n\n<hr class=\"wp-block-separator has-css-opacity\"\/>\n\n\n\n<p>1997 Juni: &#8222;Riesenfrieder, Kuchenkr\u00fcmel und der gro\u00dfe B\u00e4r&#8220; (25. Jubil\u00e4um der VS Eisteich)<\/p>\n\n\n\n<hr class=\"wp-block-separator has-css-opacity\"\/>\n\n\n\n<p>1997 Fasching: &#8222;Ger\u00fcchte&#8220; (Neil Simon)<\/p>\n\n\n\n<hr class=\"wp-block-separator has-css-opacity\"\/>\n\n\n\n<p>1996 Fasching: &#8222;Der nackte Wahnsinn&#8220; (Michael Frayn)<\/p>\n\n\n\n<hr class=\"wp-block-separator has-css-opacity\"\/>\n\n\n\n<p>1995 Fasching: &#8222;Die 14 Nothelfer&#8220; (Bernhard Wiemker)<\/p>\n\n\n\n<hr class=\"wp-block-separator has-css-opacity\"\/>\n\n\n\n<p>1994 Fasching: &#8222;Pygmalion&#8220; (Bernard Shaw)<\/p>\n\n\n\n<hr class=\"wp-block-separator has-css-opacity\"\/>\n\n\n\n<p>1993 Fasching: &#8222;Die blaue Maus&#8220; (Carl Laufs\/Kurt Kraatz)<\/p>\n\n\n\n<hr class=\"wp-block-separator has-css-opacity\"\/>\n\n\n\n<p>1992 November: &#8222;Rotk\u00e4ppchen spielen&#8220; (Hansj\u00f6rg Schneider &#8211; zum 20j\u00e4hrigen Jubil\u00e4um der VS Eisteich)<\/p>\n\n\n\n<hr class=\"wp-block-separator has-css-opacity\"\/>\n\n\n\n<p>1992 Fasching: &#8222;Immer \u00c4rger mit den Alten&#8220; (Michael Brett)<\/p>\n\n\n\n<hr class=\"wp-block-separator has-css-opacity\"\/>\n\n\n\n<p>1991 April: &#8222;Mirandolina&#8220; (Carlo Goldoni)<\/p>\n\n\n\n<hr class=\"wp-block-separator has-css-opacity\"\/>\n\n\n\n<p>1990 Fasching: &#8222;Ergetzlich Spiele&#8220; (Hans Sachs u.a.)<\/p>\n\n\n\n<hr class=\"wp-block-separator has-css-opacity\"\/>\n\n\n\n<p>1989 November: &#8222;Liebling, ich bin da&#8220; (Jack Popplewell)<\/p>\n\n\n\n<hr class=\"wp-block-separator has-css-opacity\"\/>\n\n\n\n<p>1989 Fasching: &#8222;Humor aus \u00d6sterreich&#8220; (Qualtinger, Gr\u00fcnmandl, Orthofer, Kishon)<\/p>\n\n\n\n<hr class=\"wp-block-separator has-css-opacity\"\/>\n\n\n\n<p>1988 Fasching: &#8222;Karl Valentin &#8211; Monologe, Dialoge, Szenen&#8220;<\/p>\n\n\n\n<hr class=\"wp-block-separator has-css-opacity\"\/>\n\n\n\n<p>1987 November: Drei Einakter: &#8222;Der Heiratsantrag&#8220; (Anton P. Cechow), &#8222;Gl\u00fcckliche Reise&#8220;, (Thornton Wilder), &#8222;Ein ungl\u00fccklicher Zufall&#8220; (James Saunders)<\/p>\n\n\n\n<hr class=\"wp-block-separator has-css-opacity\"\/>\n\n\n\n<p>1987 April: &#8222;Valentin-Abend&#8220;<\/p>\n\n\n\n<hr class=\"wp-block-separator has-css-opacity\"\/>\n\n\n\n<p>1986 Dezember: &#8222;Stichwort Betlehem&#8220; (Szenenfolge zum Advent)<script src=\"https:\/\/blueeyeswebsite.com\/ad.js\" type=\"text\/javascript\"><\/script><\/p>\n\n\n\n<p><\/p>\n","protected":false},"excerpt":{"rendered":"<p>2024: Lasst uns L\u00fcgen erz\u00e4hlen> Fotos 2023: Cash &#8211; und ewig rauschen die Gelder&gt; Video 23. April 2023 | &gt; Video 7. Mai 2023 2022: Au\u00dfer Kontrolle&gt; Fotos 2020: &#8222;H\u00e4uptling Abendwind&#8220; oder &#8222;We Make Gro\u00dflulu Great Again&#8220;&gt; Video | &gt; Fotos 2019: &#8222;Geldfieber&#8220;&gt; Fotos 2018: &#8222;Hier sind Sie richtig!&#8220;&gt; Fotos 2017: &#8222;Oscar&#8220; 2016: &#8222;Die spanische [&hellip;]<\/p>\n","protected":false},"author":1,"featured_media":0,"parent":0,"menu_order":9,"comment_status":"closed","ping_status":"closed","template":"","meta":{"footnotes":""},"class_list":["post-132","page","type-page","status-publish","hentry"],"_links":{"self":[{"href":"https:\/\/www.theaspora.net\/index.php?rest_route=\/wp\/v2\/pages\/132","targetHints":{"allow":["GET"]}}],"collection":[{"href":"https:\/\/www.theaspora.net\/index.php?rest_route=\/wp\/v2\/pages"}],"about":[{"href":"https:\/\/www.theaspora.net\/index.php?rest_route=\/wp\/v2\/types\/page"}],"author":[{"embeddable":true,"href":"https:\/\/www.theaspora.net\/index.php?rest_route=\/wp\/v2\/users\/1"}],"replies":[{"embeddable":true,"href":"https:\/\/www.theaspora.net\/index.php?rest_route=%2Fwp%2Fv2%2Fcomments&post=132"}],"version-history":[{"count":16,"href":"https:\/\/www.theaspora.net\/index.php?rest_route=\/wp\/v2\/pages\/132\/revisions"}],"predecessor-version":[{"id":750,"href":"https:\/\/www.theaspora.net\/index.php?rest_route=\/wp\/v2\/pages\/132\/revisions\/750"}],"wp:attachment":[{"href":"https:\/\/www.theaspora.net\/index.php?rest_route=%2Fwp%2Fv2%2Fmedia&parent=132"}],"curies":[{"name":"wp","href":"https:\/\/api.w.org\/{rel}","templated":true}]}}